{"id":49,"date":"2023-06-22T09:02:54","date_gmt":"2023-06-22T07:02:54","guid":{"rendered":"https:\/\/www.lewi-windows.be\/?page_id=49"},"modified":"2026-02-19T10:54:04","modified_gmt":"2026-02-19T09:54:04","slug":"startseite","status":"publish","type":"page","link":"https:\/\/www.lewi-windows.be\/fr\/","title":{"rendered":"Page d'accueil"},"content":{"rendered":"","protected":false},"excerpt":{"rendered":"","protected":false},"author":2,"featured_media":0,"parent":0,"menu_order":0,"comment_status":"closed","ping_status":"closed","template":"","meta":{"_acf_changed":false,"footnotes":""},"class_list":["post-49","page","type-page","status-publish","hentry"],"acf":[],"yoast_head":"<!-- This site is optimized with the Yoast SEO plugin v27.5 - https:\/\/yoast.com\/product\/yoast-seo-wordpress\/ -->\n<title>LeWi Windows \u2013 simply clear.<\/title>\n<meta name=\"description\" content=\"Fenster, T\u00fcren, Sicherheitstechnik oder Outdoor-Living-L\u00f6sungen: LeWi Windows bietet Produkte f\u00fcr mehr Wohnkomfort und Sicherheit im Zuhause.\" \/>\n<meta name=\"robots\" content=\"index, follow, max-snippet:-1, max-image-preview:large, max-video-preview:-1\" \/>\n<link rel=\"canonical\" href=\"https:\/\/www.lewi-windows.be\/fr\/\" \/>\n<meta property=\"og:locale\" content=\"fr_FR\" \/>\n<meta property=\"og:type\" content=\"article\" \/>\n<meta property=\"og:title\" content=\"LeWi Windows \u2013 simply clear.\" \/>\n<meta property=\"og:description\" content=\"Fenster, T\u00fcren, Sicherheitstechnik oder Outdoor-Living-L\u00f6sungen: LeWi Windows bietet Produkte f\u00fcr mehr Wohnkomfort und Sicherheit im Zuhause.\" \/>\n<meta property=\"og:url\" content=\"https:\/\/www.lewi-windows.be\/fr\/\" \/>\n<meta property=\"og:site_name\" content=\"LeWi Windows GmbH - simply clear.\" \/>\n<meta property=\"article:modified_time\" content=\"2026-02-19T09:54:04+00:00\" \/>\n<meta name=\"twitter:card\" content=\"summary_large_image\" \/>\n<meta name=\"twitter:label1\" content=\"Est. reading time\" \/>\n\t<meta name=\"twitter:data1\" content=\"6 minutes\" \/>\n<script type=\"application\/ld+json\" class=\"yoast-schema-graph\">{\"@context\":\"https:\\\/\\\/schema.org\",\"@graph\":[{\"@type\":\"WebPage\",\"@id\":\"https:\\\/\\\/www.lewi-windows.be\\\/\",\"url\":\"https:\\\/\\\/www.lewi-windows.be\\\/\",\"name\":\"LeWi Windows \u2013 simply clear.\",\"isPartOf\":{\"@id\":\"https:\\\/\\\/www.lewi-windows.be\\\/#website\"},\"datePublished\":\"2023-06-22T07:02:54+00:00\",\"dateModified\":\"2026-02-19T09:54:04+00:00\",\"description\":\"Fenster, T\u00fcren, Sicherheitstechnik oder Outdoor-Living-L\u00f6sungen: LeWi Windows bietet Produkte f\u00fcr mehr Wohnkomfort und Sicherheit im Zuhause.\",\"breadcrumb\":{\"@id\":\"https:\\\/\\\/www.lewi-windows.be\\\/#breadcrumb\"},\"inLanguage\":\"fr-FR\",\"potentialAction\":[{\"@type\":\"ReadAction\",\"target\":[\"https:\\\/\\\/www.lewi-windows.be\\\/\"]}]},{\"@type\":\"BreadcrumbList\",\"@id\":\"https:\\\/\\\/www.lewi-windows.be\\\/#breadcrumb\",\"itemListElement\":[{\"@type\":\"ListItem\",\"position\":1,\"name\":\"Home\",\"item\":\"https:\\\/\\\/www.lewi-windows.be\\\/\"},{\"@type\":\"ListItem\",\"position\":2,\"name\":\"Startseite\"}]},{\"@type\":\"WebSite\",\"@id\":\"https:\\\/\\\/www.lewi-windows.be\\\/#website\",\"url\":\"https:\\\/\\\/www.lewi-windows.be\\\/\",\"name\":\"LeWi Windows GmbH - simply clear.\",\"description\":\"\",\"potentialAction\":[{\"@type\":\"SearchAction\",\"target\":{\"@type\":\"EntryPoint\",\"urlTemplate\":\"https:\\\/\\\/www.lewi-windows.be\\\/?s={search_term_string}\"},\"query-input\":{\"@type\":\"PropertyValueSpecification\",\"valueRequired\":true,\"valueName\":\"search_term_string\"}}],\"inLanguage\":\"fr-FR\"}]}<\/script>\n<!-- \/ Yoast SEO plugin. -->","yoast_head_json":{"title":"LeWi Windows - simply clear.","description":"Fen\u00eatres, portes, techniques de s\u00e9curit\u00e9 ou solutions de vie en plein air : LeWi Windows propose des produits pour am\u00e9liorer le confort et la s\u00e9curit\u00e9 \u00e0 la maison.","robots":{"index":"index","follow":"follow","max-snippet":"max-snippet:-1","max-image-preview":"max-image-preview:large","max-video-preview":"max-video-preview:-1"},"canonical":"https:\/\/www.lewi-windows.be\/fr\/","og_locale":"fr_FR","og_type":"article","og_title":"LeWi Windows \u2013 simply clear.","og_description":"Fenster, T\u00fcren, Sicherheitstechnik oder Outdoor-Living-L\u00f6sungen: LeWi Windows bietet Produkte f\u00fcr mehr Wohnkomfort und Sicherheit im Zuhause.","og_url":"https:\/\/www.lewi-windows.be\/fr\/","og_site_name":"LeWi Windows GmbH - simply clear.","article_modified_time":"2026-02-19T09:54:04+00:00","twitter_card":"summary_large_image","twitter_misc":{"Est. reading time":"6 minutes"},"schema":{"@context":"https:\/\/schema.org","@graph":[{"@type":"WebPage","@id":"https:\/\/www.lewi-windows.be\/","url":"https:\/\/www.lewi-windows.be\/","name":"LeWi Windows - simply clear.","isPartOf":{"@id":"https:\/\/www.lewi-windows.be\/#website"},"datePublished":"2023-06-22T07:02:54+00:00","dateModified":"2026-02-19T09:54:04+00:00","description":"Fen\u00eatres, portes, techniques de s\u00e9curit\u00e9 ou solutions de vie en plein air : LeWi Windows propose des produits pour am\u00e9liorer le confort et la s\u00e9curit\u00e9 \u00e0 la maison.","breadcrumb":{"@id":"https:\/\/www.lewi-windows.be\/#breadcrumb"},"inLanguage":"fr-FR","potentialAction":[{"@type":"ReadAction","target":["https:\/\/www.lewi-windows.be\/"]}]},{"@type":"BreadcrumbList","@id":"https:\/\/www.lewi-windows.be\/#breadcrumb","itemListElement":[{"@type":"ListItem","position":1,"name":"Home","item":"https:\/\/www.lewi-windows.be\/"},{"@type":"ListItem","position":2,"name":"Startseite"}]},{"@type":"WebSite","@id":"https:\/\/www.lewi-windows.be\/#website","url":"https:\/\/www.lewi-windows.be\/","name":"LeWi Windows GmbH - simply clear.","description":"","potentialAction":[{"@type":"SearchAction","target":{"@type":"EntryPoint","urlTemplate":"https:\/\/www.lewi-windows.be\/?s={search_term_string}"},"query-input":{"@type":"PropertyValueSpecification","valueRequired":true,"valueName":"search_term_string"}}],"inLanguage":"fr-FR"}]}},"_links":{"self":[{"href":"https:\/\/www.lewi-windows.be\/fr\/wp-json\/wp\/v2\/pages\/49","targetHints":{"allow":["GET"]}}],"collection":[{"href":"https:\/\/www.lewi-windows.be\/fr\/wp-json\/wp\/v2\/pages"}],"about":[{"href":"https:\/\/www.lewi-windows.be\/fr\/wp-json\/wp\/v2\/types\/page"}],"author":[{"embeddable":true,"href":"https:\/\/www.lewi-windows.be\/fr\/wp-json\/wp\/v2\/users\/2"}],"replies":[{"embeddable":true,"href":"https:\/\/www.lewi-windows.be\/fr\/wp-json\/wp\/v2\/comments?post=49"}],"version-history":[{"count":1,"href":"https:\/\/www.lewi-windows.be\/fr\/wp-json\/wp\/v2\/pages\/49\/revisions"}],"predecessor-version":[{"id":50,"href":"https:\/\/www.lewi-windows.be\/fr\/wp-json\/wp\/v2\/pages\/49\/revisions\/50"}],"wp:attachment":[{"href":"https:\/\/www.lewi-windows.be\/fr\/wp-json\/wp\/v2\/media?parent=49"}],"curies":[{"name":"wp","href":"https:\/\/api.w.org\/{rel}","templated":true}]}}