{"id":171,"date":"2026-02-18T11:01:01","date_gmt":"2026-02-18T10:01:01","guid":{"rendered":"https:\/\/www.lewi-windows.be\/?page_id=171"},"modified":"2026-02-23T14:10:22","modified_gmt":"2026-02-23T13:10:22","slug":"impressum","status":"publish","type":"page","link":"https:\/\/www.lewi-windows.be\/fr\/impressum\/","title":{"rendered":"Mentions l\u00e9gales"},"content":{"rendered":"<p>LeWi Windows GmbH<br>Rue de l'\u00c9glise 3<br>B-4700 Eupen<\/p>\n\n\n\n<p><strong>Repr\u00e9sent\u00e9 par :<\/strong><br>Kevin Willems<br>Andy Lehnen<\/p>\n\n\n\n<h2 class=\"wp-block-heading\">Contact<\/h2>\n\n\n\n<p>T\u00e9l\u00e9phone : 0032 87 71 90 23<br>Courrier \u00e9lectronique : info@lewi-windows.be<\/p>\n\n\n\n<h2 class=\"wp-block-heading\">Num\u00e9ro d'identification de la taxe sur le chiffre d'affaires<\/h2>\n\n\n\n<p>Num\u00e9ro d'identification de la taxe sur le chiffre d'affaires conform\u00e9ment au \u00a7 27 a de la loi sur la taxe sur le chiffre d'affaires :<br>BE1031873726<\/p>\n\n\n\n<h2 class=\"wp-block-heading\">Responsable de la r\u00e9daction<\/h2>\n\n\n\n<p>Kevin Willems<br>Andy Lehnen<\/p>\n\n\n\n<h2 class=\"wp-block-heading\">R\u00e8glement des litiges de consommation\/organe universel de conciliation<\/h2>\n\n\n\n<p>Nous participons \u00e0 une proc\u00e9dure de r\u00e8glement des litiges devant un organisme de conciliation des consommateurs. L'organisme comp\u00e9tent est l'organisme de conciliation universel du \"Zentrum f\u00fcr Schlichtung e.V.\", Strasburger Stra\u00dfe 8, 77694 Kehl am Rhein (<a href=\"https:\/\/www.verbraucher-schlichter.de\" rel=\"noreferrer noopener\" target=\"_blank\">https:\/\/www.verbraucher-schlichter.de<\/a>).<\/p>","protected":false},"excerpt":{"rendered":"<p>LeWi Windows GmbHKirchstra\u00dfe 3B-4700 Eupen Vertreten durch:Kevin WillemsAndy Lehnen Kontakt Telefon: 0032 87 71 90 23E-Mail: info@lewi-windows.be Umsatzsteuer-ID Umsatzsteuer-Identifikationsnummer gem\u00e4\u00df \u00a7 27 a Umsatzsteuergesetz:BE1031873726 Redaktionell verantwortlich Kevin WillemsAndy Lehnen Verbraucher\u00adstreit\u00adbeilegung\/Universal\u00adschlichtungs\u00adstelle Wir nehmen an einem Streitbeilegungsverfahren vor einer Verbraucherschlichtungsstelle teil. Zust\u00e4ndig ist die Universalschlichtungsstelle des Zentrums f\u00fcr Schlichtung e.V., Stra\u00dfburger Stra\u00dfe 8, 77694 Kehl am Rhein [&hellip;]<\/p>\n","protected":false},"author":2,"featured_media":0,"parent":0,"menu_order":0,"comment_status":"closed","ping_status":"closed","template":"","meta":{"_acf_changed":false,"footnotes":""},"class_list":["post-171","page","type-page","status-publish","hentry"],"acf":[],"yoast_head":"<!-- This site is optimized with the Yoast SEO plugin v27.5 - https:\/\/yoast.com\/product\/yoast-seo-wordpress\/ -->\n<title>Impressum - LeWi Windows GmbH - simply clear.<\/title>\n<meta name=\"description\" content=\"Impressum von LeWi Windows \u2013 Simply Clear mit allen Pflichtangaben, Kontaktdaten und rechtlichen Informationen gem\u00e4\u00df den gesetzlichen Vorgaben.\" \/>\n<meta name=\"robots\" content=\"index, follow, max-snippet:-1, max-image-preview:large, max-video-preview:-1\" \/>\n<link rel=\"canonical\" href=\"https:\/\/www.lewi-windows.be\/fr\/impressum\/\" \/>\n<meta property=\"og:locale\" content=\"fr_FR\" \/>\n<meta property=\"og:type\" content=\"article\" \/>\n<meta property=\"og:title\" content=\"Impressum - LeWi Windows GmbH - simply clear.\" \/>\n<meta property=\"og:description\" content=\"Impressum von LeWi Windows \u2013 Simply Clear mit allen Pflichtangaben, Kontaktdaten und rechtlichen Informationen gem\u00e4\u00df den gesetzlichen Vorgaben.\" \/>\n<meta property=\"og:url\" content=\"https:\/\/www.lewi-windows.be\/fr\/impressum\/\" \/>\n<meta property=\"og:site_name\" content=\"LeWi Windows GmbH - simply clear.\" \/>\n<meta property=\"article:modified_time\" content=\"2026-02-23T13:10:22+00:00\" \/>\n<meta name=\"twitter:card\" content=\"summary_large_image\" \/>\n<meta name=\"twitter:label1\" content=\"Est. reading time\" \/>\n\t<meta name=\"twitter:data1\" content=\"1 minute\" \/>\n<script type=\"application\/ld+json\" class=\"yoast-schema-graph\">{\"@context\":\"https:\\\/\\\/schema.org\",\"@graph\":[{\"@type\":\"WebPage\",\"@id\":\"https:\\\/\\\/www.lewi-windows.be\\\/impressum\\\/\",\"url\":\"https:\\\/\\\/www.lewi-windows.be\\\/impressum\\\/\",\"name\":\"Impressum - LeWi Windows GmbH - simply clear.\",\"isPartOf\":{\"@id\":\"https:\\\/\\\/www.lewi-windows.be\\\/#website\"},\"datePublished\":\"2026-02-18T10:01:01+00:00\",\"dateModified\":\"2026-02-23T13:10:22+00:00\",\"description\":\"Impressum von LeWi Windows \u2013 Simply Clear mit allen Pflichtangaben, Kontaktdaten und rechtlichen Informationen gem\u00e4\u00df den gesetzlichen Vorgaben.\",\"breadcrumb\":{\"@id\":\"https:\\\/\\\/www.lewi-windows.be\\\/impressum\\\/#breadcrumb\"},\"inLanguage\":\"fr-FR\",\"potentialAction\":[{\"@type\":\"ReadAction\",\"target\":[\"https:\\\/\\\/www.lewi-windows.be\\\/impressum\\\/\"]}]},{\"@type\":\"BreadcrumbList\",\"@id\":\"https:\\\/\\\/www.lewi-windows.be\\\/impressum\\\/#breadcrumb\",\"itemListElement\":[{\"@type\":\"ListItem\",\"position\":1,\"name\":\"Home\",\"item\":\"https:\\\/\\\/www.lewi-windows.be\\\/\"},{\"@type\":\"ListItem\",\"position\":2,\"name\":\"Impressum\"}]},{\"@type\":\"WebSite\",\"@id\":\"https:\\\/\\\/www.lewi-windows.be\\\/#website\",\"url\":\"https:\\\/\\\/www.lewi-windows.be\\\/\",\"name\":\"LeWi Windows GmbH - simply clear.\",\"description\":\"\",\"potentialAction\":[{\"@type\":\"SearchAction\",\"target\":{\"@type\":\"EntryPoint\",\"urlTemplate\":\"https:\\\/\\\/www.lewi-windows.be\\\/?s={search_term_string}\"},\"query-input\":{\"@type\":\"PropertyValueSpecification\",\"valueRequired\":true,\"valueName\":\"search_term_string\"}}],\"inLanguage\":\"fr-FR\"}]}<\/script>\n<!-- \/ Yoast SEO plugin. -->","yoast_head_json":{"title":"Impressum - LeWi Windows GmbH - simply clear.","description":"Impressum von LeWi Windows \u2013 Simply Clear mit allen Pflichtangaben, Kontaktdaten und rechtlichen Informationen gem\u00e4\u00df den gesetzlichen Vorgaben.","robots":{"index":"index","follow":"follow","max-snippet":"max-snippet:-1","max-image-preview":"max-image-preview:large","max-video-preview":"max-video-preview:-1"},"canonical":"https:\/\/www.lewi-windows.be\/fr\/impressum\/","og_locale":"fr_FR","og_type":"article","og_title":"Impressum - LeWi Windows GmbH - simply clear.","og_description":"Impressum von LeWi Windows \u2013 Simply Clear mit allen Pflichtangaben, Kontaktdaten und rechtlichen Informationen gem\u00e4\u00df den gesetzlichen Vorgaben.","og_url":"https:\/\/www.lewi-windows.be\/fr\/impressum\/","og_site_name":"LeWi Windows GmbH - simply clear.","article_modified_time":"2026-02-23T13:10:22+00:00","twitter_card":"summary_large_image","twitter_misc":{"Est. reading time":"1 minute"},"schema":{"@context":"https:\/\/schema.org","@graph":[{"@type":"WebPage","@id":"https:\/\/www.lewi-windows.be\/impressum\/","url":"https:\/\/www.lewi-windows.be\/impressum\/","name":"Impressum - LeWi Windows GmbH - simply clear.","isPartOf":{"@id":"https:\/\/www.lewi-windows.be\/#website"},"datePublished":"2026-02-18T10:01:01+00:00","dateModified":"2026-02-23T13:10:22+00:00","description":"Impressum von LeWi Windows \u2013 Simply Clear mit allen Pflichtangaben, Kontaktdaten und rechtlichen Informationen gem\u00e4\u00df den gesetzlichen Vorgaben.","breadcrumb":{"@id":"https:\/\/www.lewi-windows.be\/impressum\/#breadcrumb"},"inLanguage":"fr-FR","potentialAction":[{"@type":"ReadAction","target":["https:\/\/www.lewi-windows.be\/impressum\/"]}]},{"@type":"BreadcrumbList","@id":"https:\/\/www.lewi-windows.be\/impressum\/#breadcrumb","itemListElement":[{"@type":"ListItem","position":1,"name":"Home","item":"https:\/\/www.lewi-windows.be\/"},{"@type":"ListItem","position":2,"name":"Impressum"}]},{"@type":"WebSite","@id":"https:\/\/www.lewi-windows.be\/#website","url":"https:\/\/www.lewi-windows.be\/","name":"LeWi Windows GmbH - simply clear.","description":"","potentialAction":[{"@type":"SearchAction","target":{"@type":"EntryPoint","urlTemplate":"https:\/\/www.lewi-windows.be\/?s={search_term_string}"},"query-input":{"@type":"PropertyValueSpecification","valueRequired":true,"valueName":"search_term_string"}}],"inLanguage":"fr-FR"}]}},"_links":{"self":[{"href":"https:\/\/www.lewi-windows.be\/fr\/wp-json\/wp\/v2\/pages\/171","targetHints":{"allow":["GET"]}}],"collection":[{"href":"https:\/\/www.lewi-windows.be\/fr\/wp-json\/wp\/v2\/pages"}],"about":[{"href":"https:\/\/www.lewi-windows.be\/fr\/wp-json\/wp\/v2\/types\/page"}],"author":[{"embeddable":true,"href":"https:\/\/www.lewi-windows.be\/fr\/wp-json\/wp\/v2\/users\/2"}],"replies":[{"embeddable":true,"href":"https:\/\/www.lewi-windows.be\/fr\/wp-json\/wp\/v2\/comments?post=171"}],"version-history":[{"count":2,"href":"https:\/\/www.lewi-windows.be\/fr\/wp-json\/wp\/v2\/pages\/171\/revisions"}],"predecessor-version":[{"id":173,"href":"https:\/\/www.lewi-windows.be\/fr\/wp-json\/wp\/v2\/pages\/171\/revisions\/173"}],"wp:attachment":[{"href":"https:\/\/www.lewi-windows.be\/fr\/wp-json\/wp\/v2\/media?parent=171"}],"curies":[{"name":"wp","href":"https:\/\/api.w.org\/{rel}","templated":true}]}}